{"id":432,"date":"2022-04-05T12:53:02","date_gmt":"2022-04-05T12:53:02","guid":{"rendered":"https:\/\/delruscacasa.alemany.com\/?page_id=432"},"modified":"2022-04-05T13:09:10","modified_gmt":"2022-04-05T13:09:10","slug":"aviso-legal","status":"publish","type":"page","link":"https:\/\/delruscacasa.alemany.com\/es\/aviso-legal\/","title":{"rendered":"Aviso legal"},"content":{"rendered":"<p><span style=\"vertical-align: inherit;\">Bienvenido a la p\u00e1gina web de Alemany.<\/span><\/p>\n<p><span style=\"vertical-align: inherit;\">A continuaci\u00f3n, le exponemos las condiciones de uso de la p\u00e1gina web. La navegaci\u00f3n por esta p\u00e1gina Web le otorga el rol de usuario en la misma y, por tanto acepta las cl\u00e1usulas detalladas en este documento.<\/span><\/p>\n<h3><strong><span style=\"vertical-align: inherit;\">AVISO LEGAL Y CONDICIONES DE USO<\/span><\/strong><\/h3>\n<p><span style=\"vertical-align: inherit;\">Este aviso legal y condiciones generales regulan el uso del sitio web delruscacasa.alemany.com.<\/span><\/p>\n<h4><span style=\"vertical-align: inherit;\">RESPONSABLE LEGAL DE ESTE SITIO WEB<\/span><\/h4>\n<p><span style=\"vertical-align: inherit;\">En cumplimiento de la Ley 34\/2002, de 11 de julio, de Servicios de la Sociedad de la Informaci\u00f3n y del Comercio Electr\u00f3nico, le informamos: <\/span><br \/>\n<span style=\"vertical-align: inherit;\">Raz\u00f3n social: Torrons y Mel Alemany, SL <\/span><br \/>\n<span style=\"vertical-align: inherit;\">CIF: B25261496 <\/span><br \/>\n<span style=\"vertical-align: inherit;\">Direcci\u00f3n: C\/ Barcelona 4 , 25610 &#8211; Os de Balaguer (Lleida) <\/span><br \/>\n<span style=\"vertical-align: inherit;\">e-mail: info@alemany.com<\/span><\/p>\n<h4><strong><span style=\"vertical-align: inherit;\">OBJETO<\/span><\/strong><\/h4>\n<p><span style=\"vertical-align: inherit;\">Estas condiciones generales regulan el uso (incluido acceso) de las p\u00e1ginas web que integran el sitio web delruscacasa.alemany.com, incluidos los contenidos y servicios que tiene a disposici\u00f3n. <\/span><br \/>\n<span style=\"vertical-align: inherit;\">Todo el que acceda al sitio web delruscacasa.alemany.com (\u201cUsuario\u201d) acepta someterse a las condiciones generales vigentes cada momento que acceda. <\/span><br \/>\n<span style=\"vertical-align: inherit;\">TURRONS I MEL ALEMANY, SL se reserva el derecho a modificar, en cualquier momento y sin necesidad de previo aviso, la presentaci\u00f3n y configuraci\u00f3n del sitio web delruscacasa.alemany.com, as\u00ed como las condiciones generales.<\/span><\/p>\n<h4><strong><span style=\"vertical-align: inherit;\">FINALIDAD DEL SITIO WEB<\/span><\/strong><\/h4>\n<p><span style=\"vertical-align: inherit;\">delruscacasa.alemany.com es un sitio web de venta online de miel fresca de temporada por suscripci\u00f3n de TURRONS I MEL ALEMANY, SL.<\/span><\/p>\n<h4><strong><span style=\"vertical-align: inherit;\">USO DE DELRUSCACASA.ALEMANY.COM<\/span><\/strong><\/h4>\n<p><span style=\"vertical-align: inherit;\">Los contenidos desarrollados en el sitio web son responsabilidad plena y exclusiva de TURRONS I MEL ALEMANY, SL, as\u00ed como la titularidad de cualquier derecho sobre los mismos.<\/span><\/p>\n<p><span style=\"vertical-align: inherit;\">EL USUARIO ACEPTA QUE:<\/span><\/p>\n<p><span style=\"vertical-align: inherit;\">\u2022 S\u00f3lo podr\u00e1 hacer uso del sitio web para realizar consultas o solicitudes legalmente v\u00e1lidas.<\/span><\/p>\n<p><span style=\"vertical-align: inherit;\">\u2022 No podr\u00e1 realizar ninguna solicitud especulativa, falsa o fraudulenta. Si tenemos motivos razonables para considerar que se ha hecho una solicitud de esta \u00edndole, estaremos autorizados a anularla ya informar a las autoridades pertinentes.<\/span><\/p>\n<p><span style=\"vertical-align: inherit;\">\u2022 Se obliga tambi\u00e9n a facilitar de forma cierta y correcta su direcci\u00f3n de correo electr\u00f3nico, direcci\u00f3n postal y\/u otros datos de contacto, y consiente en que podremos hacer uso de esta informaci\u00f3n para ponernos en contacto con el usuario, si procede (para m\u00e1s informaci\u00f3n, lea nuestra \u201c <\/span><a href=\"\/es\/politica-de-privacidad\/\" target=\"_blank\" rel=\"noopener\"><span style=\"vertical-align: inherit;\">Pol\u00edtica de privacidad<\/span><\/a><span style=\"vertical-align: inherit;\"> \u201d).<\/span><\/p>\n<p><span style=\"vertical-align: inherit;\">\u2022 Si el Usuario no facilita toda la informaci\u00f3n que necesitamos, no podremos gestionar ninguna solicitud o consulta.<\/span><\/p>\n<p><span style=\"vertical-align: inherit;\">\u2022 Al realizar una consulta, solicitud o compra a trav\u00e9s de este sitio web, el Usuario garantiza que tiene m\u00e1s de 16 a\u00f1os y que dispone de la correspondiente autorizaci\u00f3n de padre, madre o tutor (m\u00e1s informaci\u00f3n, en el apartado <\/span><a href=\"\/es\/politica-de-privacidad\/\" target=\"_blank\" rel=\"noopener\"><span style=\"vertical-align: inherit;\">Pol\u00edtica de privacidad<\/span><\/a><span style=\"vertical-align: inherit;\"> \u201d ).<\/span><\/p>\n<p><span style=\"vertical-align: inherit;\"><span class=\"\" style=\"vertical-align: inherit;\">\u2022 En la utilizaci\u00f3n del portal delruscacasa.alemany.com, el Usuario se compromete a no llevar a cabo ninguna conducta que pudiera da\u00f1ar la imagen, los intereses y los derechos de TURRONS I MEL ALEMANY, SL, o de terceros, que pudiera da\u00f1ar , inutilizar, sobrecargar el sitio web alemany.com o que impidiera, de cualquier forma, la normal utilizaci\u00f3n del sitio web.<\/span><\/span><\/p>\n<h4><strong><span style=\"vertical-align: inherit;\">NAVEGACI\u00d3N Y DIRECCI\u00d3N IP<\/span><\/strong><\/h4>\n<p><span style=\"vertical-align: inherit;\">Durante la navegaci\u00f3n por el sitio web, la participaci\u00f3n a trav\u00e9s de comentarios en los art\u00edculos, as\u00ed como a la hora de utilizar el formulario de contacto, se registra la direcci\u00f3n IP del equipo del Usuario. Este dato servir\u00e1 s\u00f3lo para realizar estad\u00edsticas de visitas. <\/span><br \/>\n<span style=\"vertical-align: inherit;\">Comentarios en art\u00edculos. El Usuario podr\u00e1 publicar comentarios en aquellos art\u00edculos que as\u00ed lo permitan. Los datos personales introducidos en el formulario para insertar estos comentarios ser\u00e1n utilizados exclusivamente para moderarlos, publicarlos y responderlos. <\/span><br \/>\n<span style=\"vertical-align: inherit;\">TURRONS I MEL ALEMANY, SL no se responsabiliza de las opiniones de terceros en el sitio web y se reserva el derecho a borrar cualquier comentario que pueda resultar ofensivo, inadecuado o denigrante, adem\u00e1s del de bloquear e impedir los futuros comentarios provenientes de sus autores.<\/span><br \/>\n<span style=\"vertical-align: inherit;\">Para ampliar informaci\u00f3n sobre nuestra pol\u00edtica de protecci\u00f3n de datos y sus derechos, consulte nuestra <\/span><a href=\"\/politica-de-privacitat\/\" target=\"_blank\" rel=\"noopener\"><span style=\"vertical-align: inherit;\">pol\u00edtica de privacidad<\/span><\/a><span style=\"vertical-align: inherit;\"> .<\/span><\/p>\n<h4><strong><span style=\"vertical-align: inherit;\">CONTENIDOS<\/span><\/strong><\/h4>\n<p><span style=\"vertical-align: inherit;\">En cuanto a los contenidos de esta web, se proh\u00edbe: <\/span><br \/>\n<span style=\"vertical-align: inherit;\">\u2022 Reproducirla, distribuirla o modificarla, total o parcialmente, salvo que se tenga la autorizaci\u00f3n de TURRONS I MEL ALEMANY, SL. <\/span><br \/>\n<span style=\"vertical-align: inherit;\">\u2022 Cualquier vulneraci\u00f3n de los derechos del prestamista o de los leg\u00edtimos titulares. <\/span><br \/>\n<span style=\"vertical-align: inherit;\">\u2022 Emplearla para fines comerciales o publicitarios. <\/span><br \/>\n<span style=\"vertical-align: inherit;\">\u2022 Si desea utilizar cualquiera de los contenidos que se publican, hay que contar con la autorizaci\u00f3n expresa de TURRONS I MEL ALEMANY, SL.<\/span><\/p>\n<h4><strong><span style=\"vertical-align: inherit;\">USO Y ACCESO DE USUARIOS<\/span><\/strong><\/h4>\n<p><span style=\"vertical-align: inherit;\">El Usuario queda informado y acepta que el acceso a esta web no supone, en modo alguno, el inicio de una relaci\u00f3n comercial con TURRONS I MEL ALEMANY, SL o con cualquiera de sus delegaciones. <\/span><br \/>\n<span style=\"vertical-align: inherit;\">Queda prohibido el uso de la web con fines il\u00edcitos, lesivos o que puedan causar perjuicio o impedir el funcionamiento normal del sitio web.<\/span><\/p>\n<h4><strong><span style=\"vertical-align: inherit;\">DERECHOS DE PROPIEDAD INTELECTUAL E INDUSTRIAL<\/span><\/strong><\/h4>\n<p><span style=\"vertical-align: inherit;\">Los derechos de propiedad intelectual del contenido de las p\u00e1ginas web, el dise\u00f1o gr\u00e1fico y los c\u00f3digos son titularidad de TURRONS I MEL ALEMANY, SL y, por tanto, queda prohibida su reproducci\u00f3n, distribuci\u00f3n, comunicaci\u00f3n p\u00fablica, transformaci\u00f3n o cualquier otra actividad que se pueda realizar con los contenidos de sus p\u00e1ginas web, ni siquiera citando sus fuentes, salvo el consentimiento por escrito de TURRONS I MEL ALEMANY, SL.<\/span><br \/>\n<span style=\"vertical-align: inherit;\">El Usuario conoce y acepta que la totalidad del sitio web, que contiene, sin car\u00e1cter exhaustivo, el texto, el software, los contenidos (incluyendo estructura, selecci\u00f3n, ordenaci\u00f3n y presentaci\u00f3n), las fotograf\u00edas, el material audiovisual y los gr\u00e1ficos , est\u00e1 protegida por marcas, derechos de autor y otros derechos leg\u00edtimos registrados, de acuerdo con los tratados internacionales de los que Espa\u00f1a forma parte y otros derechos de propiedad y leyes de Espa\u00f1a.<\/span><\/p>\n<h4><strong><span style=\"vertical-align: inherit;\">CONTENIDO DE LA WEB Y ENLACES<\/span><\/strong><\/h4>\n<p><span style=\"vertical-align: inherit;\">Desde el sitio web, es posible que se redirija a contenidos de terceros sitios web. Dado que TURRONS I MEL ALEMANY, SL no puede controlar siempre los contenidos introducidos por terceros en sus respectivos sitios web, no asume ning\u00fan tipo de responsabilidad. En cualquier caso, retirar\u00e1 inmediatamente cualquier contenido que pudiera contravenir la legislaci\u00f3n nacional o internacional, la moral o el orden p\u00fablico, adem\u00e1s de la redirecci\u00f3n a este sitio web, poniendo en conocimiento de las autoridades competentes el contenido en cuesti\u00f3n.<\/span><\/p>\n<p><span style=\"vertical-align: inherit;\">TORRONS I MEL ALEMANY, SL no se hace responsable de la informaci\u00f3n ni de los contenidos almacenados, a t\u00edtulo enunciativo pero no limitador, en foros, chats, generadores de blogs, comentarios, redes sociales o cualquier otro medio que permita a terceros publicar contenidos de forma independiente a la p\u00e1gina web de TURRONS I MEL ALEMANY, SL. No obstante, y en cumplimiento de lo dispuesto en los art\u00edculos 11 y 16 de la LSSICE, se pone a disposici\u00f3n de todos los usuarios, autoridades y fuerzas de seguridad, que colaborar\u00e1n de forma activa en retirar o, en su caso, en bloquear todos aquellos contenidos que puedan afectar o contravenir a la legislaci\u00f3n nacional o internacional, los derechos de terceros o la moral y el orden p\u00fablico. En caso de que el Usuario considere que en el sitio web existe alg\u00fan contenido que pudiera ser susceptible de esta clasificaci\u00f3n,<\/span><\/p>\n<p><span style=\"vertical-align: inherit;\">Este sitio web ha sido revisado y probado para que funcione correctamente. En principio, se puede garantizar un correcto funcionamiento los 365 d\u00edas del a\u00f1o, 24 horas al d\u00eda. No obstante, TURRONS I MEL ALEMANY, SL no descarta la posibilidad de que existan ciertos errores de programaci\u00f3n o causas de fuerza mayor, tales como cat\u00e1strofes naturales, huelgas o circunstancias similares que hagan imposible el acceso a la p\u00e1gina web.<\/span><\/p>\n<p><span style=\"vertical-align: inherit;\">TURRONS I MEL ALEMANY, SL se compromete a utilizar los datos obtenidos en esta web, a respetar su confidencialidad ya utilizarlos de acuerdo con su finalidad, as\u00ed como a dar cumplimiento a la obligaci\u00f3n de guardar y adoptar todas las medidas para evitar la alteraci\u00f3n, p\u00e9rdida, tratamiento o acceso no autorizado, de conformidad con lo establecido en el Reglamento UE 2016\/679, del Parlamento Europeo y del Consejo, de 27 de abril (RGPD), y la Ley Org\u00e1nica 3\/2018, de 5 de diciembre, de protecci\u00f3n de datos personales y garant\u00eda de los derechos digitales.<\/span><\/p>\n<p><span style=\"vertical-align: inherit;\">El Usuario garantiza que los datos personales facilitados a trav\u00e9s del formulario de contacto son veraces y queda obligado a comunicar cualquier modificaci\u00f3n. Asimismo, el Usuario garantiza que toda la informaci\u00f3n facilitada corresponde con su situaci\u00f3n real, est\u00e1 actualizada y es exacta. Adem\u00e1s, el Usuario tiene la obligaci\u00f3n de mantener en todo momento sus datos actualizados y es el \u00fanico responsable de la inexactitud o falsedad de los datos facilitados y de los perjuicios que por ello pueda causar a TURRONS I MEL ALEMANY, SL como titular del sitio web oa terceros con motivo de la utilizaci\u00f3n de esta web.<\/span><\/p>\n<p><span style=\"vertical-align: inherit;\">De igual modo, el Usuario tiene acceso en todo momento a modificar, editar o eliminar la informaci\u00f3n proporcionada, as\u00ed como a gestionar la baja directamente, mediante una solicitud dirigida al contacto que se muestra en la secci\u00f3n \u201cDirecci\u00f3n de contacto\u201d o bien por escrito a TURRONS I MEL ALEMANY, SL, junto con copia de su DNI o documento acreditativo equivalente.<\/span><\/p>\n<p><span style=\"vertical-align: inherit;\">Para ampliar la informaci\u00f3n sobre nuestra pol\u00edtica de protecci\u00f3n de datos y sus derechos, consulte nuestra <\/span><a href=\"\/es\/politica-de-privacidad\/\" target=\"_blank\" rel=\"noopener\"><span style=\"vertical-align: inherit;\">pol\u00edtica de privacidad<\/span><\/a><span style=\"vertical-align: inherit;\"> .<\/span><\/p>\n<h4><strong><span style=\"vertical-align: inherit;\">COPYRIGHT<\/span><\/strong><\/h4>\n<p><span style=\"vertical-align: inherit;\">Este sitio web tiene copyright de TURRONS I MEL ALEMANY, SL y todos los derechos reservados. Si desea utilizar alguno de sus textos o im\u00e1genes, puede solicitarlo a trav\u00e9s de la direcci\u00f3n de correo electr\u00f3nico que aparece en \u201cDirecci\u00f3n de contacto\u201d.<\/span><\/p>\n<p><span style=\"vertical-align: inherit;\">Si por error ha introducido alg\u00fan elemento en esta web que est\u00e9 sujeto a derechos de autor, escriba a la direcci\u00f3n que aparece en el apartado \u201cDirecci\u00f3n de contacto\u201d, adjuntando prueba de derecho de autor y, despu\u00e9s de verificar los datos, lo retiraremos de forma prioritaria, oa su elecci\u00f3n, acreditaremos la obra.<\/span><\/p>\n<h4><strong><span style=\"vertical-align: inherit;\">LEY APLICABLE Y JURISDICCI\u00d3N<\/span><\/strong><\/h4>\n<p><span style=\"vertical-align: inherit;\">Con car\u00e1cter general, las relaciones entre TORRONS Y MEL ALEMANY, SL y los usuarios de sus servicios telem\u00e1ticos de este sitio web est\u00e1n sometidas a la legislaci\u00f3n y jurisdicci\u00f3n espa\u00f1olas. En concreto, este sitio web est\u00e1 adecuado a las exigencias de la Ley Org\u00e1nica 3\/2018, de 5 de diciembre, de Protecci\u00f3n de Datos Personales y Garant\u00eda de Derechos Digitales (LOPDGDD), y cumple tambi\u00e9n el Reglamento (UE) 2016\/679, del Parlamento Europeo y del Consejo, de 27 de abril, relativo a la protecci\u00f3n de las personas f\u00edsicas (RGPD), as\u00ed como la Ley 34\/2002, de 11 de julio, de Servicios de la Sociedad de la informaci\u00f3n y Comercio Electr\u00f3nico (LSSICE o LSSI). Tambi\u00e9n se cumplen la Ley 7\/1996, de Ordenaci\u00f3n del Comercio Minorista, y la Ley 3\/2014, de 27 de marzo,<\/span><\/p>\n<p><span style=\"vertical-align: inherit;\">Por \u00faltimo, tambi\u00e9n damos cumplimiento al Reglamento (UE) 2018\/302, del Parlamento Europeo y del Consejo, de 28 de febrero, sobre medidas destinadas a impedir el bloqueo geogr\u00e1fico injustificado y otras formas de discriminaci\u00f3n por raz\u00f3n de nacionalidad, lugar de residencia o lugar de establecimiento de los clientes en el mercado interior.<\/span><\/p>\n<h4><strong><span style=\"vertical-align: inherit;\">DIRECCI\u00d3N DE CONTACTO<\/span><\/strong><\/h4>\n<p><span style=\"vertical-align: inherit;\">Correo electr\u00f3nico:\u00a0 <\/span><a href=\"mailto:info@alemany.com\" target=\"_blank\" rel=\"noopener noreferrer\"><span style=\"vertical-align: inherit;\">info@alemany.com<\/span><\/a><\/p>\n<p>&nbsp;<\/p>\n<p><strong><span style=\"vertical-align: inherit;\">\u00daltima actualizaci\u00f3n: MARZO 2022<\/span><\/strong><\/p>\n","protected":false},"excerpt":{"rendered":"<p>Bienvenido a la p\u00e1gina web de Alemany. A continuaci\u00f3n, le [&hellip;]<\/p>\n","protected":false},"author":1,"featured_media":0,"parent":0,"menu_order":0,"comment_status":"closed","ping_status":"closed","template":"","meta":{"footnotes":""},"class_list":["post-432","page","type-page","status-publish","hentry"],"yoast_head":"<!-- This site is optimized with the Yoast SEO plugin v18.4 - https:\/\/yoast.com\/wordpress\/plugins\/seo\/ -->\n<title>Aviso legal - Torrons i Mel Alemany<\/title>\n<meta name=\"robots\" content=\"index, follow, max-snippet:-1, max-image-preview:large, max-video-preview:-1\" \/>\n<link rel=\"canonical\" href=\"https:\/\/delruscacasa.alemany.com\/es\/aviso-legal\/\" \/>\n<meta property=\"og:locale\" content=\"es_ES\" \/>\n<meta property=\"og:type\" content=\"article\" \/>\n<meta property=\"og:title\" content=\"Aviso legal - Torrons i Mel Alemany\" \/>\n<meta property=\"og:description\" content=\"Bienvenido a la p\u00e1gina web de Alemany. A continuaci\u00f3n, le [&hellip;]\" \/>\n<meta property=\"og:url\" content=\"https:\/\/delruscacasa.alemany.com\/es\/aviso-legal\/\" \/>\n<meta property=\"og:site_name\" content=\"Torrons i Mel Alemany\" \/>\n<meta property=\"article:modified_time\" content=\"2022-04-05T13:09:10+00:00\" \/>\n<meta name=\"twitter:card\" content=\"summary_large_image\" \/>\n<meta name=\"twitter:label1\" content=\"Tiempo de lectura\" \/>\n\t<meta name=\"twitter:data1\" content=\"10 minutos\" \/>\n<script type=\"application\/ld+json\" class=\"yoast-schema-graph\">{\"@context\":\"https:\/\/schema.org\",\"@graph\":[{\"@type\":\"Organization\",\"@id\":\"https:\/\/delruscacasa.alemany.com\/#organization\",\"name\":\"Alemany 879\",\"url\":\"https:\/\/delruscacasa.alemany.com\/\",\"sameAs\":[],\"logo\":{\"@type\":\"ImageObject\",\"@id\":\"https:\/\/delruscacasa.alemany.com\/#logo\",\"inLanguage\":\"es\",\"url\":\"https:\/\/delruscacasa.alemany.com\/wp-content\/uploads\/2022\/03\/Alemany-Logotip-negre.png\",\"contentUrl\":\"https:\/\/delruscacasa.alemany.com\/wp-content\/uploads\/2022\/03\/Alemany-Logotip-negre.png\",\"width\":1600,\"height\":529,\"caption\":\"Alemany 879\"},\"image\":{\"@id\":\"https:\/\/delruscacasa.alemany.com\/#logo\"}},{\"@type\":\"WebSite\",\"@id\":\"https:\/\/delruscacasa.alemany.com\/#website\",\"url\":\"https:\/\/delruscacasa.alemany.com\/\",\"name\":\"Torrons i Mel Alemany\",\"description\":\"DEL RUSC A CASA \u2013 Mel fresca de temporada seleccionada per Alemany\",\"publisher\":{\"@id\":\"https:\/\/delruscacasa.alemany.com\/#organization\"},\"potentialAction\":[{\"@type\":\"SearchAction\",\"target\":{\"@type\":\"EntryPoint\",\"urlTemplate\":\"https:\/\/delruscacasa.alemany.com\/?s={search_term_string}\"},\"query-input\":\"required name=search_term_string\"}],\"inLanguage\":\"es\"},{\"@type\":\"WebPage\",\"@id\":\"https:\/\/delruscacasa.alemany.com\/es\/aviso-legal\/#webpage\",\"url\":\"https:\/\/delruscacasa.alemany.com\/es\/aviso-legal\/\",\"name\":\"Aviso legal - Torrons i Mel Alemany\",\"isPartOf\":{\"@id\":\"https:\/\/delruscacasa.alemany.com\/#website\"},\"datePublished\":\"2022-04-05T12:53:02+00:00\",\"dateModified\":\"2022-04-05T13:09:10+00:00\",\"breadcrumb\":{\"@id\":\"https:\/\/delruscacasa.alemany.com\/es\/aviso-legal\/#breadcrumb\"},\"inLanguage\":\"es\",\"potentialAction\":[{\"@type\":\"ReadAction\",\"target\":[\"https:\/\/delruscacasa.alemany.com\/es\/aviso-legal\/\"]}]},{\"@type\":\"BreadcrumbList\",\"@id\":\"https:\/\/delruscacasa.alemany.com\/es\/aviso-legal\/#breadcrumb\",\"itemListElement\":[{\"@type\":\"ListItem\",\"position\":1,\"name\":\"Portada\",\"item\":\"https:\/\/delruscacasa.alemany.com\/es\/\"},{\"@type\":\"ListItem\",\"position\":2,\"name\":\"Aviso legal\"}]}]}<\/script>\n<!-- \/ Yoast SEO plugin. -->","yoast_head_json":{"title":"Aviso legal - Torrons i Mel Alemany","robots":{"index":"index","follow":"follow","max-snippet":"max-snippet:-1","max-image-preview":"max-image-preview:large","max-video-preview":"max-video-preview:-1"},"canonical":"https:\/\/delruscacasa.alemany.com\/es\/aviso-legal\/","og_locale":"es_ES","og_type":"article","og_title":"Aviso legal - Torrons i Mel Alemany","og_description":"Bienvenido a la p\u00e1gina web de Alemany. A continuaci\u00f3n, le [&hellip;]","og_url":"https:\/\/delruscacasa.alemany.com\/es\/aviso-legal\/","og_site_name":"Torrons i Mel Alemany","article_modified_time":"2022-04-05T13:09:10+00:00","twitter_card":"summary_large_image","twitter_misc":{"Tiempo de lectura":"10 minutos"},"schema":{"@context":"https:\/\/schema.org","@graph":[{"@type":"Organization","@id":"https:\/\/delruscacasa.alemany.com\/#organization","name":"Alemany 879","url":"https:\/\/delruscacasa.alemany.com\/","sameAs":[],"logo":{"@type":"ImageObject","@id":"https:\/\/delruscacasa.alemany.com\/#logo","inLanguage":"es","url":"https:\/\/delruscacasa.alemany.com\/wp-content\/uploads\/2022\/03\/Alemany-Logotip-negre.png","contentUrl":"https:\/\/delruscacasa.alemany.com\/wp-content\/uploads\/2022\/03\/Alemany-Logotip-negre.png","width":1600,"height":529,"caption":"Alemany 879"},"image":{"@id":"https:\/\/delruscacasa.alemany.com\/#logo"}},{"@type":"WebSite","@id":"https:\/\/delruscacasa.alemany.com\/#website","url":"https:\/\/delruscacasa.alemany.com\/","name":"Torrons i Mel Alemany","description":"DEL RUSC A CASA \u2013 Mel fresca de temporada seleccionada per Alemany","publisher":{"@id":"https:\/\/delruscacasa.alemany.com\/#organization"},"potentialAction":[{"@type":"SearchAction","target":{"@type":"EntryPoint","urlTemplate":"https:\/\/delruscacasa.alemany.com\/?s={search_term_string}"},"query-input":"required name=search_term_string"}],"inLanguage":"es"},{"@type":"WebPage","@id":"https:\/\/delruscacasa.alemany.com\/es\/aviso-legal\/#webpage","url":"https:\/\/delruscacasa.alemany.com\/es\/aviso-legal\/","name":"Aviso legal - Torrons i Mel Alemany","isPartOf":{"@id":"https:\/\/delruscacasa.alemany.com\/#website"},"datePublished":"2022-04-05T12:53:02+00:00","dateModified":"2022-04-05T13:09:10+00:00","breadcrumb":{"@id":"https:\/\/delruscacasa.alemany.com\/es\/aviso-legal\/#breadcrumb"},"inLanguage":"es","potentialAction":[{"@type":"ReadAction","target":["https:\/\/delruscacasa.alemany.com\/es\/aviso-legal\/"]}]},{"@type":"BreadcrumbList","@id":"https:\/\/delruscacasa.alemany.com\/es\/aviso-legal\/#breadcrumb","itemListElement":[{"@type":"ListItem","position":1,"name":"Portada","item":"https:\/\/delruscacasa.alemany.com\/es\/"},{"@type":"ListItem","position":2,"name":"Aviso legal"}]}]}},"_links":{"self":[{"href":"https:\/\/delruscacasa.alemany.com\/es\/wp-json\/wp\/v2\/pages\/432","targetHints":{"allow":["GET"]}}],"collection":[{"href":"https:\/\/delruscacasa.alemany.com\/es\/wp-json\/wp\/v2\/pages"}],"about":[{"href":"https:\/\/delruscacasa.alemany.com\/es\/wp-json\/wp\/v2\/types\/page"}],"author":[{"embeddable":true,"href":"https:\/\/delruscacasa.alemany.com\/es\/wp-json\/wp\/v2\/users\/1"}],"replies":[{"embeddable":true,"href":"https:\/\/delruscacasa.alemany.com\/es\/wp-json\/wp\/v2\/comments?post=432"}],"version-history":[{"count":6,"href":"https:\/\/delruscacasa.alemany.com\/es\/wp-json\/wp\/v2\/pages\/432\/revisions"}],"predecessor-version":[{"id":465,"href":"https:\/\/delruscacasa.alemany.com\/es\/wp-json\/wp\/v2\/pages\/432\/revisions\/465"}],"wp:attachment":[{"href":"https:\/\/delruscacasa.alemany.com\/es\/wp-json\/wp\/v2\/media?parent=432"}],"curies":[{"name":"wp","href":"https:\/\/api.w.org\/{rel}","templated":true}]}}