{"id":437,"date":"2022-04-05T12:53:42","date_gmt":"2022-04-05T12:53:42","guid":{"rendered":"https:\/\/delruscacasa.alemany.com\/?page_id=437"},"modified":"2022-04-05T12:57:56","modified_gmt":"2022-04-05T12:57:56","slug":"pago-seguro","status":"publish","type":"page","link":"https:\/\/delruscacasa.alemany.com\/es\/pago-seguro\/","title":{"rendered":"Pago seguro"},"content":{"rendered":"<p style=\"font-weight: 400;\"><span style=\"vertical-align: inherit;\"><span style=\"vertical-align: inherit;\">Los pagos de los pedidos se pueden realizar con tarjeta de cr\u00e9dito o d\u00e9bito a trav\u00e9s de la pasarela segura de pagos Pay Comet o bien mediante cuenta de Paypal.<\/span><\/span><\/p>\n<p style=\"font-weight: 400;\"><span style=\"vertical-align: inherit;\"><span style=\"vertical-align: inherit;\">Privacidad y seguridad<\/span><\/span><\/p>\n<p style=\"font-weight: 400;\"><span style=\"vertical-align: inherit;\"><span style=\"vertical-align: inherit;\">El sistema de pago con tarjeta Pay Comet o la cuenta de Paypal, son una forma fiable, segura y r\u00e1pida de realizar pagos por internet. <\/span><span style=\"vertical-align: inherit;\">En efecto, al ser Pay Comet o Paypal quienes efect\u00faen los cobros directamente a nuestros clientes, ALEMANY.COM no tendr\u00e1 acceso a los datos bancarios de estos \u00faltimos.<\/span><\/span><\/p>\n<p style=\"font-weight: 400;\"><span style=\"vertical-align: inherit;\"><span style=\"vertical-align: inherit;\">Hemos contratado el certificado SSL, que protege la privacidad del usuario mientras navega o compra en nuestro sitio web.<\/span><\/span><\/p>\n<p style=\"font-weight: 400;\"><span style=\"vertical-align: inherit;\"><span style=\"vertical-align: inherit;\">Para m\u00e1s informaci\u00f3n, consulte nuestra\u00a0 <\/span><\/span><b><strong><a href=\"\/es\/politica-de-privacidad\/\" target=\"_blank\" rel=\"noopener\"><span style=\"vertical-align: inherit;\"><span style=\"vertical-align: inherit;\">Pol\u00edtica de Privacidad<\/span><\/span><\/a>\u00a0<\/strong><\/b><span style=\"vertical-align: inherit;\"><span style=\"vertical-align: inherit;\"> y nuestra <\/span><b><strong><a href=\"\/es\/politica-de-cookies\/\" target=\"_blank\" rel=\"noopener\"><span style=\"vertical-align: inherit;\">Pol\u00edtica de Cookies<\/span><\/a><\/strong><\/b><span style=\"vertical-align: inherit;\"> .<\/span><\/span><b><strong>\u00a0<\/strong><\/b><\/p>\n","protected":false},"excerpt":{"rendered":"<p>Los pagos de los pedidos se pueden realizar con tarjeta [&hellip;]<\/p>\n","protected":false},"author":1,"featured_media":0,"parent":0,"menu_order":0,"comment_status":"closed","ping_status":"closed","template":"","meta":{"footnotes":""},"class_list":["post-437","page","type-page","status-publish","hentry"],"yoast_head":"<!-- This site is optimized with the Yoast SEO plugin v18.4 - https:\/\/yoast.com\/wordpress\/plugins\/seo\/ -->\n<title>Pago seguro - Torrons i Mel Alemany<\/title>\n<meta name=\"robots\" content=\"index, follow, max-snippet:-1, max-image-preview:large, max-video-preview:-1\" \/>\n<link rel=\"canonical\" href=\"https:\/\/delruscacasa.alemany.com\/es\/pago-seguro\/\" \/>\n<meta property=\"og:locale\" content=\"es_ES\" \/>\n<meta property=\"og:type\" content=\"article\" \/>\n<meta property=\"og:title\" content=\"Pago seguro - Torrons i Mel Alemany\" \/>\n<meta property=\"og:description\" content=\"Los pagos de los pedidos se pueden realizar con tarjeta [&hellip;]\" \/>\n<meta property=\"og:url\" content=\"https:\/\/delruscacasa.alemany.com\/es\/pago-seguro\/\" \/>\n<meta property=\"og:site_name\" content=\"Torrons i Mel Alemany\" \/>\n<meta property=\"article:modified_time\" content=\"2022-04-05T12:57:56+00:00\" \/>\n<meta name=\"twitter:card\" content=\"summary_large_image\" \/>\n<meta name=\"twitter:label1\" content=\"Tiempo de lectura\" \/>\n\t<meta name=\"twitter:data1\" content=\"1 minuto\" \/>\n<script type=\"application\/ld+json\" class=\"yoast-schema-graph\">{\"@context\":\"https:\/\/schema.org\",\"@graph\":[{\"@type\":\"Organization\",\"@id\":\"https:\/\/delruscacasa.alemany.com\/#organization\",\"name\":\"Alemany 879\",\"url\":\"https:\/\/delruscacasa.alemany.com\/\",\"sameAs\":[],\"logo\":{\"@type\":\"ImageObject\",\"@id\":\"https:\/\/delruscacasa.alemany.com\/#logo\",\"inLanguage\":\"es\",\"url\":\"https:\/\/delruscacasa.alemany.com\/wp-content\/uploads\/2022\/03\/Alemany-Logotip-negre.png\",\"contentUrl\":\"https:\/\/delruscacasa.alemany.com\/wp-content\/uploads\/2022\/03\/Alemany-Logotip-negre.png\",\"width\":1600,\"height\":529,\"caption\":\"Alemany 879\"},\"image\":{\"@id\":\"https:\/\/delruscacasa.alemany.com\/#logo\"}},{\"@type\":\"WebSite\",\"@id\":\"https:\/\/delruscacasa.alemany.com\/#website\",\"url\":\"https:\/\/delruscacasa.alemany.com\/\",\"name\":\"Torrons i Mel Alemany\",\"description\":\"DEL RUSC A CASA \u2013 Mel fresca de temporada seleccionada per Alemany\",\"publisher\":{\"@id\":\"https:\/\/delruscacasa.alemany.com\/#organization\"},\"potentialAction\":[{\"@type\":\"SearchAction\",\"target\":{\"@type\":\"EntryPoint\",\"urlTemplate\":\"https:\/\/delruscacasa.alemany.com\/?s={search_term_string}\"},\"query-input\":\"required name=search_term_string\"}],\"inLanguage\":\"es\"},{\"@type\":\"WebPage\",\"@id\":\"https:\/\/delruscacasa.alemany.com\/es\/pago-seguro\/#webpage\",\"url\":\"https:\/\/delruscacasa.alemany.com\/es\/pago-seguro\/\",\"name\":\"Pago seguro - Torrons i Mel Alemany\",\"isPartOf\":{\"@id\":\"https:\/\/delruscacasa.alemany.com\/#website\"},\"datePublished\":\"2022-04-05T12:53:42+00:00\",\"dateModified\":\"2022-04-05T12:57:56+00:00\",\"breadcrumb\":{\"@id\":\"https:\/\/delruscacasa.alemany.com\/es\/pago-seguro\/#breadcrumb\"},\"inLanguage\":\"es\",\"potentialAction\":[{\"@type\":\"ReadAction\",\"target\":[\"https:\/\/delruscacasa.alemany.com\/es\/pago-seguro\/\"]}]},{\"@type\":\"BreadcrumbList\",\"@id\":\"https:\/\/delruscacasa.alemany.com\/es\/pago-seguro\/#breadcrumb\",\"itemListElement\":[{\"@type\":\"ListItem\",\"position\":1,\"name\":\"Portada\",\"item\":\"https:\/\/delruscacasa.alemany.com\/es\/\"},{\"@type\":\"ListItem\",\"position\":2,\"name\":\"Pago seguro\"}]}]}<\/script>\n<!-- \/ Yoast SEO plugin. -->","yoast_head_json":{"title":"Pago seguro - Torrons i Mel Alemany","robots":{"index":"index","follow":"follow","max-snippet":"max-snippet:-1","max-image-preview":"max-image-preview:large","max-video-preview":"max-video-preview:-1"},"canonical":"https:\/\/delruscacasa.alemany.com\/es\/pago-seguro\/","og_locale":"es_ES","og_type":"article","og_title":"Pago seguro - Torrons i Mel Alemany","og_description":"Los pagos de los pedidos se pueden realizar con tarjeta [&hellip;]","og_url":"https:\/\/delruscacasa.alemany.com\/es\/pago-seguro\/","og_site_name":"Torrons i Mel Alemany","article_modified_time":"2022-04-05T12:57:56+00:00","twitter_card":"summary_large_image","twitter_misc":{"Tiempo de lectura":"1 minuto"},"schema":{"@context":"https:\/\/schema.org","@graph":[{"@type":"Organization","@id":"https:\/\/delruscacasa.alemany.com\/#organization","name":"Alemany 879","url":"https:\/\/delruscacasa.alemany.com\/","sameAs":[],"logo":{"@type":"ImageObject","@id":"https:\/\/delruscacasa.alemany.com\/#logo","inLanguage":"es","url":"https:\/\/delruscacasa.alemany.com\/wp-content\/uploads\/2022\/03\/Alemany-Logotip-negre.png","contentUrl":"https:\/\/delruscacasa.alemany.com\/wp-content\/uploads\/2022\/03\/Alemany-Logotip-negre.png","width":1600,"height":529,"caption":"Alemany 879"},"image":{"@id":"https:\/\/delruscacasa.alemany.com\/#logo"}},{"@type":"WebSite","@id":"https:\/\/delruscacasa.alemany.com\/#website","url":"https:\/\/delruscacasa.alemany.com\/","name":"Torrons i Mel Alemany","description":"DEL RUSC A CASA \u2013 Mel fresca de temporada seleccionada per Alemany","publisher":{"@id":"https:\/\/delruscacasa.alemany.com\/#organization"},"potentialAction":[{"@type":"SearchAction","target":{"@type":"EntryPoint","urlTemplate":"https:\/\/delruscacasa.alemany.com\/?s={search_term_string}"},"query-input":"required name=search_term_string"}],"inLanguage":"es"},{"@type":"WebPage","@id":"https:\/\/delruscacasa.alemany.com\/es\/pago-seguro\/#webpage","url":"https:\/\/delruscacasa.alemany.com\/es\/pago-seguro\/","name":"Pago seguro - Torrons i Mel Alemany","isPartOf":{"@id":"https:\/\/delruscacasa.alemany.com\/#website"},"datePublished":"2022-04-05T12:53:42+00:00","dateModified":"2022-04-05T12:57:56+00:00","breadcrumb":{"@id":"https:\/\/delruscacasa.alemany.com\/es\/pago-seguro\/#breadcrumb"},"inLanguage":"es","potentialAction":[{"@type":"ReadAction","target":["https:\/\/delruscacasa.alemany.com\/es\/pago-seguro\/"]}]},{"@type":"BreadcrumbList","@id":"https:\/\/delruscacasa.alemany.com\/es\/pago-seguro\/#breadcrumb","itemListElement":[{"@type":"ListItem","position":1,"name":"Portada","item":"https:\/\/delruscacasa.alemany.com\/es\/"},{"@type":"ListItem","position":2,"name":"Pago seguro"}]}]}},"_links":{"self":[{"href":"https:\/\/delruscacasa.alemany.com\/es\/wp-json\/wp\/v2\/pages\/437","targetHints":{"allow":["GET"]}}],"collection":[{"href":"https:\/\/delruscacasa.alemany.com\/es\/wp-json\/wp\/v2\/pages"}],"about":[{"href":"https:\/\/delruscacasa.alemany.com\/es\/wp-json\/wp\/v2\/types\/page"}],"author":[{"embeddable":true,"href":"https:\/\/delruscacasa.alemany.com\/es\/wp-json\/wp\/v2\/users\/1"}],"replies":[{"embeddable":true,"href":"https:\/\/delruscacasa.alemany.com\/es\/wp-json\/wp\/v2\/comments?post=437"}],"version-history":[{"count":4,"href":"https:\/\/delruscacasa.alemany.com\/es\/wp-json\/wp\/v2\/pages\/437\/revisions"}],"predecessor-version":[{"id":455,"href":"https:\/\/delruscacasa.alemany.com\/es\/wp-json\/wp\/v2\/pages\/437\/revisions\/455"}],"wp:attachment":[{"href":"https:\/\/delruscacasa.alemany.com\/es\/wp-json\/wp\/v2\/media?parent=437"}],"curies":[{"name":"wp","href":"https:\/\/api.w.org\/{rel}","templated":true}]}}